{"id":301,"date":"2020-10-22T03:09:38","date_gmt":"2020-10-22T01:09:38","guid":{"rendered":"http:\/\/komornik.mokotow.dkonto.pl\/index.php\/about\/"},"modified":"2023-06-07T16:43:04","modified_gmt":"2023-06-07T14:43:04","slug":"o-nas","status":"publish","type":"page","link":"https:\/\/komornik.edu.pl\/index.php\/o-nas\/","title":{"rendered":"O nas"},"content":{"rendered":"\t\t<div data-elementor-type=\"wp-page\" data-elementor-id=\"301\" class=\"elementor elementor-301\">\n\t\t\t\t\t\t<section class=\"elementor-section elementor-top-section elementor-element elementor-element-8e93e7f elementor-section-boxed elementor-section-height-default elementor-section-height-default\" data-id=\"8e93e7f\" data-element_type=\"section\" data-settings=\"{&quot;background_background&quot;:&quot;classic&quot;}\">\n\t\t\t\t\t\t<div class=\"elementor-container elementor-column-gap-no\">\n\t\t\t\t\t<div class=\"elementor-column elementor-col-50 elementor-top-column elementor-element elementor-element-5189198\" data-id=\"5189198\" data-element_type=\"column\">\n\t\t\t<div class=\"elementor-widget-wrap elementor-element-populated\">\n\t\t\t\t\t\t<div class=\"elementor-element elementor-element-b0af42d elementor-widget elementor-widget-heading\" data-id=\"b0af42d\" data-element_type=\"widget\" data-widget_type=\"heading.default\">\n\t\t\t\t<div class=\"elementor-widget-container\">\n\t\t\t<h1 class=\"elementor-heading-title elementor-size-default\">O nas<\/h1>\t\t<\/div>\n\t\t\t\t<\/div>\n\t\t\t\t<div class=\"elementor-element elementor-element-2c9e811 elementor-widget elementor-widget-text-editor\" data-id=\"2c9e811\" data-element_type=\"widget\" data-widget_type=\"text-editor.default\">\n\t\t\t\t<div class=\"elementor-widget-container\">\n\t\t\t\t\t\t\t<p>Komornik Aneta Jo\u0144czyk<\/p>\t\t\t\t\t\t<\/div>\n\t\t\t\t<\/div>\n\t\t\t\t<div class=\"elementor-element elementor-element-fe13957 elementor-widget elementor-widget-text-editor\" data-id=\"fe13957\" data-element_type=\"widget\" data-widget_type=\"text-editor.default\">\n\t\t\t\t<div class=\"elementor-widget-container\">\n\t\t\t\t\t\t\t<p>Ze sprawami egzekucyjnymi mam do czynienia od blisko 20 lat. Prace w Kancelarii komorniczej rozpocz\u0119\u0142am w 2003 r. jako pracownik biurowy, szybko dosta\u0142am si\u0119 na aplikacj\u0119 i kontynuowa\u0142am prac\u0119 w kancelarii ju\u017c jako aplikant komorniczy. Po uko\u0144czeniu aplikacji komorniczej i zdaniu egzaminu komorniczego zosta\u0142am powo\u0142ana na asesora. Po kilku latach pracy, owocnych w zdobywanie do\u015bwiadczenia w zawodzie, jako asesor w Kancelarii Komornika S\u0105dowego dla Warszawy Pragi Po\u0142udnie postanowi\u0142am szuka\u0107 nowych do\u015bwiadcze\u0144 jako asesor w Kancelarii Komornika S\u0105dowego dla Warszawy Woli. Zwie\u0144czeniem zdobytej przeze mnie wiedzy oraz praktyki by\u0142o w 2011 r. powo\u0142anie na stanowisko Komornika S\u0105dowego przy S\u0105dzie Rejonowym dla Warszawy &#8211; Mokotowa w Warszawie.&nbsp;<\/p>\n<p>W pierwszych latach dzia\u0142alno\u015bci kancelaria mie\u015bci\u0142a si\u0119 przy ul. Dolnej po czym przenie\u015bli\u015bmy dzia\u0142alno\u015b\u0107 do lokalizacji docelowej na ul. Sieleck\u0105.&nbsp;<\/p>\n<p>Zdobyte do\u015bwiadczenie i wiedza egzekucyjna po\u0142\u0105czone z nowoczesnymi systemami wspomagaj\u0105cymi prac\u0119, pozwalaj\u0105 mi sprawnie i rzetelnie wykonywa\u0107 obowi\u0105zki komornika s\u0105dowego. Moje dzia\u0142ania wspomagaj\u0105 wysoko wykwalifikowani pracownicy z wieloletni\u0105 praktyk\u0105 w egzekucji. W swojej pracy wykorzystujemy liczne narz\u0119dzia informatyczne, kt\u00f3re przyczyniaj\u0105c\u0105 si\u0119 do zwi\u0119kszenia skuteczno\u015bci egzekucji oraz przy\u015bpieszaj\u0105 proces egzekwowania nale\u017cno\u015bci.<\/p>\t\t\t\t\t\t<\/div>\n\t\t\t\t<\/div>\n\t\t\t\t\t<\/div>\n\t\t<\/div>\n\t\t\t\t<div class=\"elementor-column elementor-col-50 elementor-top-column elementor-element elementor-element-b37386a\" data-id=\"b37386a\" data-element_type=\"column\">\n\t\t\t<div class=\"elementor-widget-wrap elementor-element-populated\">\n\t\t\t\t\t\t<div class=\"elementor-element elementor-element-40a8aa8 elementor-widget elementor-widget-heading\" data-id=\"40a8aa8\" data-element_type=\"widget\" data-widget_type=\"heading.default\">\n\t\t\t\t<div class=\"elementor-widget-container\">\n\t\t\t<h5 class=\"elementor-heading-title elementor-size-default\">Do\u015bwiadczenie<\/h5>\t\t<\/div>\n\t\t\t\t<\/div>\n\t\t\t\t<section class=\"elementor-section elementor-inner-section elementor-element elementor-element-918c838 elementor-section-boxed elementor-section-height-default elementor-section-height-default\" data-id=\"918c838\" data-element_type=\"section\">\n\t\t\t\t\t\t<div class=\"elementor-container elementor-column-gap-no\">\n\t\t\t\t\t<div class=\"elementor-column elementor-col-33 elementor-inner-column elementor-element elementor-element-8cdecff\" data-id=\"8cdecff\" data-element_type=\"column\">\n\t\t\t<div class=\"elementor-widget-wrap elementor-element-populated\">\n\t\t\t\t\t\t<div class=\"elementor-element elementor-element-916e5f1 elementor-widget elementor-widget-heading\" data-id=\"916e5f1\" data-element_type=\"widget\" data-widget_type=\"heading.default\">\n\t\t\t\t<div class=\"elementor-widget-container\">\n\t\t\t<h6 class=\"elementor-heading-title elementor-size-default\">2003<\/h6>\t\t<\/div>\n\t\t\t\t<\/div>\n\t\t\t\t\t<\/div>\n\t\t<\/div>\n\t\t\t\t<div class=\"elementor-column elementor-col-66 elementor-inner-column elementor-element elementor-element-767378d\" data-id=\"767378d\" data-element_type=\"column\">\n\t\t\t<div class=\"elementor-widget-wrap elementor-element-populated\">\n\t\t\t\t\t\t<div class=\"elementor-element elementor-element-4917575 elementor-widget elementor-widget-heading\" data-id=\"4917575\" data-element_type=\"widget\" data-widget_type=\"heading.default\">\n\t\t\t\t<div class=\"elementor-widget-container\">\n\t\t\t<div class=\"elementor-heading-title elementor-size-default\">rozpocz\u0119cie pracy w kancelarii komorniczej<\/div>\t\t<\/div>\n\t\t\t\t<\/div>\n\t\t\t\t\t<\/div>\n\t\t<\/div>\n\t\t\t\t\t<\/div>\n\t\t<\/section>\n\t\t\t\t<section class=\"elementor-section elementor-inner-section elementor-element elementor-element-51983bb elementor-section-boxed elementor-section-height-default elementor-section-height-default\" data-id=\"51983bb\" data-element_type=\"section\">\n\t\t\t\t\t\t<div class=\"elementor-container elementor-column-gap-no\">\n\t\t\t\t\t<div class=\"elementor-column elementor-col-33 elementor-inner-column elementor-element elementor-element-41a57fa\" data-id=\"41a57fa\" data-element_type=\"column\">\n\t\t\t<div class=\"elementor-widget-wrap elementor-element-populated\">\n\t\t\t\t\t\t<div class=\"elementor-element elementor-element-5b4e809 elementor-widget elementor-widget-heading\" data-id=\"5b4e809\" data-element_type=\"widget\" data-widget_type=\"heading.default\">\n\t\t\t\t<div class=\"elementor-widget-container\">\n\t\t\t<h6 class=\"elementor-heading-title elementor-size-default\">2004<\/h6>\t\t<\/div>\n\t\t\t\t<\/div>\n\t\t\t\t\t<\/div>\n\t\t<\/div>\n\t\t\t\t<div class=\"elementor-column elementor-col-66 elementor-inner-column elementor-element elementor-element-50e0429\" data-id=\"50e0429\" data-element_type=\"column\">\n\t\t\t<div class=\"elementor-widget-wrap elementor-element-populated\">\n\t\t\t\t\t\t<div class=\"elementor-element elementor-element-d73383b elementor-widget elementor-widget-heading\" data-id=\"d73383b\" data-element_type=\"widget\" data-widget_type=\"heading.default\">\n\t\t\t\t<div class=\"elementor-widget-container\">\n\t\t\t<div class=\"elementor-heading-title elementor-size-default\">powo\u0142anie na stanowisko aplikanta komorniczego u Komornika S\u0105dowego \nprzy S\u0105dzie Rejonowym dla Warszawy Pragi Po\u0142udnie<\/div>\t\t<\/div>\n\t\t\t\t<\/div>\n\t\t\t\t\t<\/div>\n\t\t<\/div>\n\t\t\t\t\t<\/div>\n\t\t<\/section>\n\t\t\t\t<section class=\"elementor-section elementor-inner-section elementor-element elementor-element-22ace29 elementor-section-boxed elementor-section-height-default elementor-section-height-default\" data-id=\"22ace29\" data-element_type=\"section\">\n\t\t\t\t\t\t<div class=\"elementor-container elementor-column-gap-no\">\n\t\t\t\t\t<div class=\"elementor-column elementor-col-33 elementor-inner-column elementor-element elementor-element-9359b81\" data-id=\"9359b81\" data-element_type=\"column\">\n\t\t\t<div class=\"elementor-widget-wrap elementor-element-populated\">\n\t\t\t\t\t\t<div class=\"elementor-element elementor-element-6a51a1b elementor-widget elementor-widget-heading\" data-id=\"6a51a1b\" data-element_type=\"widget\" data-widget_type=\"heading.default\">\n\t\t\t\t<div class=\"elementor-widget-container\">\n\t\t\t<h6 class=\"elementor-heading-title elementor-size-default\">2006<\/h6>\t\t<\/div>\n\t\t\t\t<\/div>\n\t\t\t\t\t<\/div>\n\t\t<\/div>\n\t\t\t\t<div class=\"elementor-column elementor-col-66 elementor-inner-column elementor-element elementor-element-1bef51c\" data-id=\"1bef51c\" data-element_type=\"column\">\n\t\t\t<div class=\"elementor-widget-wrap elementor-element-populated\">\n\t\t\t\t\t\t<div class=\"elementor-element elementor-element-d4231f4 elementor-widget elementor-widget-heading\" data-id=\"d4231f4\" data-element_type=\"widget\" data-widget_type=\"heading.default\">\n\t\t\t\t<div class=\"elementor-widget-container\">\n\t\t\t<div class=\"elementor-heading-title elementor-size-default\">zdanie egzaminu komorniczego oraz powo\u0142anie na asesora Komornika S\u0105dowego przy S\u0105dzie Rejonowym dla Warszawy Pragi Po\u0142udnie<\/div>\t\t<\/div>\n\t\t\t\t<\/div>\n\t\t\t\t\t<\/div>\n\t\t<\/div>\n\t\t\t\t\t<\/div>\n\t\t<\/section>\n\t\t\t\t<section class=\"elementor-section elementor-inner-section elementor-element elementor-element-c8138d7 elementor-section-boxed elementor-section-height-default elementor-section-height-default\" data-id=\"c8138d7\" data-element_type=\"section\">\n\t\t\t\t\t\t<div class=\"elementor-container elementor-column-gap-no\">\n\t\t\t\t\t<div class=\"elementor-column elementor-col-33 elementor-inner-column elementor-element elementor-element-71e8723\" data-id=\"71e8723\" data-element_type=\"column\">\n\t\t\t<div class=\"elementor-widget-wrap elementor-element-populated\">\n\t\t\t\t\t\t<div class=\"elementor-element elementor-element-b22a241 elementor-widget elementor-widget-heading\" data-id=\"b22a241\" data-element_type=\"widget\" data-widget_type=\"heading.default\">\n\t\t\t\t<div class=\"elementor-widget-container\">\n\t\t\t<h6 class=\"elementor-heading-title elementor-size-default\">2009<\/h6>\t\t<\/div>\n\t\t\t\t<\/div>\n\t\t\t\t\t<\/div>\n\t\t<\/div>\n\t\t\t\t<div class=\"elementor-column elementor-col-66 elementor-inner-column elementor-element elementor-element-47c2fb0\" data-id=\"47c2fb0\" data-element_type=\"column\">\n\t\t\t<div class=\"elementor-widget-wrap elementor-element-populated\">\n\t\t\t\t\t\t<div class=\"elementor-element elementor-element-514d8f4 elementor-widget elementor-widget-heading\" data-id=\"514d8f4\" data-element_type=\"widget\" data-widget_type=\"heading.default\">\n\t\t\t\t<div class=\"elementor-widget-container\">\n\t\t\t<div class=\"elementor-heading-title elementor-size-default\">powo\u0142anie na asesora Komornika S\u0105dowego przy S\u0105dzie Rejonowym dla Warszawy Woli<\/div>\t\t<\/div>\n\t\t\t\t<\/div>\n\t\t\t\t\t<\/div>\n\t\t<\/div>\n\t\t\t\t\t<\/div>\n\t\t<\/section>\n\t\t\t\t<section class=\"elementor-section elementor-inner-section elementor-element elementor-element-e830d95 elementor-section-boxed elementor-section-height-default elementor-section-height-default\" data-id=\"e830d95\" data-element_type=\"section\">\n\t\t\t\t\t\t<div class=\"elementor-container elementor-column-gap-no\">\n\t\t\t\t\t<div class=\"elementor-column elementor-col-33 elementor-inner-column elementor-element elementor-element-23befbb\" data-id=\"23befbb\" data-element_type=\"column\">\n\t\t\t<div class=\"elementor-widget-wrap elementor-element-populated\">\n\t\t\t\t\t\t<div class=\"elementor-element elementor-element-9e333aa elementor-widget elementor-widget-heading\" data-id=\"9e333aa\" data-element_type=\"widget\" data-widget_type=\"heading.default\">\n\t\t\t\t<div class=\"elementor-widget-container\">\n\t\t\t<h6 class=\"elementor-heading-title elementor-size-default\">2011<\/h6>\t\t<\/div>\n\t\t\t\t<\/div>\n\t\t\t\t\t<\/div>\n\t\t<\/div>\n\t\t\t\t<div class=\"elementor-column elementor-col-66 elementor-inner-column elementor-element elementor-element-e8fd08a\" data-id=\"e8fd08a\" data-element_type=\"column\">\n\t\t\t<div class=\"elementor-widget-wrap elementor-element-populated\">\n\t\t\t\t\t\t<div class=\"elementor-element elementor-element-ac8455b elementor-widget elementor-widget-heading\" data-id=\"ac8455b\" data-element_type=\"widget\" data-widget_type=\"heading.default\">\n\t\t\t\t<div class=\"elementor-widget-container\">\n\t\t\t<div class=\"elementor-heading-title elementor-size-default\">powo\u0142anie na Komornika S\u0105dowego przy S\u0105dzie Rejonowym dla Warszawy - Mokotowa<\/div>\t\t<\/div>\n\t\t\t\t<\/div>\n\t\t\t\t\t<\/div>\n\t\t<\/div>\n\t\t\t\t\t<\/div>\n\t\t<\/section>\n\t\t\t\t\t<\/div>\n\t\t<\/div>\n\t\t\t\t\t<\/div>\n\t\t<\/section>\n\t\t\t\t<\/div>\n\t\t","protected":false},"excerpt":{"rendered":"<p>O nas Komornik Aneta Jo\u0144czyk Ze sprawami egzekucyjnymi mam do czynienia od blisko 20 lat. Prace w Kancelarii komorniczej rozpocz\u0119\u0142am w 2003 r. jako pracownik biurowy, szybko dosta\u0142am si\u0119 na aplikacj\u0119 i kontynuowa\u0142am prac\u0119 w kancelarii ju\u017c jako aplikant komorniczy. Po uko\u0144czeniu aplikacji komorniczej i zdaniu egzaminu komorniczego zosta\u0142am powo\u0142ana na asesora. Po kilku latach [&hellip;]<\/p>\n","protected":false},"author":3,"featured_media":0,"parent":0,"menu_order":0,"comment_status":"closed","ping_status":"closed","template":"","meta":{"site-sidebar-layout":"no-sidebar","site-content-layout":"page-builder","ast-site-content-layout":"","site-content-style":"default","site-sidebar-style":"default","ast-global-header-display":"","ast-banner-title-visibility":"","ast-main-header-display":"","ast-hfb-above-header-display":"","ast-hfb-below-header-display":"","ast-hfb-mobile-header-display":"","site-post-title":"disabled","ast-breadcrumbs-content":"","ast-featured-img":"disabled","footer-sml-layout":"","theme-transparent-header-meta":"enabled","adv-header-id-meta":"","stick-header-meta":"","header-above-stick-meta":"","header-main-stick-meta":"","header-below-stick-meta":"","astra-migrate-meta-layouts":"default","ast-page-background-enabled":"default","ast-page-background-meta":{"desktop":{"background-color":"","background-image":"","background-repeat":"repeat","background-position":"center center","background-size":"auto","background-attachment":"scroll","background-type":"","background-media":"","overlay-type":"","overlay-color":"","overlay-opacity":"","overlay-gradient":""},"tablet":{"background-color":"","background-image":"","background-repeat":"repeat","background-position":"center center","background-size":"auto","background-attachment":"scroll","background-type":"","background-media":"","overlay-type":"","overlay-color":"","overlay-opacity":"","overlay-gradient":""},"mobile":{"background-color":"","background-image":"","background-repeat":"repeat","background-position":"center center","background-size":"auto","background-attachment":"scroll","background-type":"","background-media":"","overlay-type":"","overlay-color":"","overlay-opacity":"","overlay-gradient":""}},"ast-content-background-meta":{"desktop":{"background-color":"var(--ast-global-color-5)","background-image":"","background-repeat":"repeat","background-position":"center center","background-size":"auto","background-attachment":"scroll","background-type":"","background-media":"","overlay-type":"","overlay-color":"","overlay-opacity":"","overlay-gradient":""},"tablet":{"background-color":"var(--ast-global-color-5)","background-image":"","background-repeat":"repeat","background-position":"center center","background-size":"auto","background-attachment":"scroll","background-type":"","background-media":"","overlay-type":"","overlay-color":"","overlay-opacity":"","overlay-gradient":""},"mobile":{"background-color":"var(--ast-global-color-5)","background-image":"","background-repeat":"repeat","background-position":"center center","background-size":"auto","background-attachment":"scroll","background-type":"","background-media":"","overlay-type":"","overlay-color":"","overlay-opacity":"","overlay-gradient":""}},"footnotes":""},"class_list":["post-301","page","type-page","status-publish","hentry"],"yoast_head":"<!-- This site is optimized with the Yoast SEO plugin v23.4 - https:\/\/yoast.com\/wordpress\/plugins\/seo\/ -->\n<title>O nas - Komornik S\u0105dowy Warszawa Mokot\u00f3w - Aneta Jo\u0144czyk<\/title>\n<meta name=\"robots\" content=\"index, follow, max-snippet:-1, max-image-preview:large, max-video-preview:-1\" \/>\n<link rel=\"canonical\" href=\"https:\/\/komornik.edu.pl\/index.php\/o-nas\/\" \/>\n<meta property=\"og:locale\" content=\"pl_PL\" \/>\n<meta property=\"og:type\" content=\"article\" \/>\n<meta property=\"og:title\" content=\"O nas - Komornik S\u0105dowy Warszawa Mokot\u00f3w - Aneta Jo\u0144czyk\" \/>\n<meta property=\"og:description\" content=\"O nas Komornik Aneta Jo\u0144czyk Ze sprawami egzekucyjnymi mam do czynienia od blisko 20 lat. Prace w Kancelarii komorniczej rozpocz\u0119\u0142am w 2003 r. jako pracownik biurowy, szybko dosta\u0142am si\u0119 na aplikacj\u0119 i kontynuowa\u0142am prac\u0119 w kancelarii ju\u017c jako aplikant komorniczy. Po uko\u0144czeniu aplikacji komorniczej i zdaniu egzaminu komorniczego zosta\u0142am powo\u0142ana na asesora. Po kilku latach [&hellip;]\" \/>\n<meta property=\"og:url\" content=\"https:\/\/komornik.edu.pl\/index.php\/o-nas\/\" \/>\n<meta property=\"og:site_name\" content=\"Komornik S\u0105dowy Warszawa Mokot\u00f3w - Aneta Jo\u0144czyk\" \/>\n<meta property=\"article:modified_time\" content=\"2023-06-07T14:43:04+00:00\" \/>\n<meta name=\"twitter:card\" content=\"summary_large_image\" \/>\n<meta name=\"twitter:label1\" content=\"Szacowany czas czytania\" \/>\n\t<meta name=\"twitter:data1\" content=\"2 minuty\" \/>\n<script type=\"application\/ld+json\" class=\"yoast-schema-graph\">{\"@context\":\"https:\/\/schema.org\",\"@graph\":[{\"@type\":\"WebPage\",\"@id\":\"https:\/\/komornik.edu.pl\/index.php\/o-nas\/\",\"url\":\"https:\/\/komornik.edu.pl\/index.php\/o-nas\/\",\"name\":\"O nas - Komornik S\u0105dowy Warszawa Mokot\u00f3w - Aneta Jo\u0144czyk\",\"isPartOf\":{\"@id\":\"https:\/\/komornik.edu.pl\/#website\"},\"datePublished\":\"2020-10-22T01:09:38+00:00\",\"dateModified\":\"2023-06-07T14:43:04+00:00\",\"breadcrumb\":{\"@id\":\"https:\/\/komornik.edu.pl\/index.php\/o-nas\/#breadcrumb\"},\"inLanguage\":\"pl-PL\",\"potentialAction\":[{\"@type\":\"ReadAction\",\"target\":[\"https:\/\/komornik.edu.pl\/index.php\/o-nas\/\"]}]},{\"@type\":\"BreadcrumbList\",\"@id\":\"https:\/\/komornik.edu.pl\/index.php\/o-nas\/#breadcrumb\",\"itemListElement\":[{\"@type\":\"ListItem\",\"position\":1,\"name\":\"Strona g\u0142\u00f3wna\",\"item\":\"https:\/\/komornik.edu.pl\/\"},{\"@type\":\"ListItem\",\"position\":2,\"name\":\"O nas\"}]},{\"@type\":\"WebSite\",\"@id\":\"https:\/\/komornik.edu.pl\/#website\",\"url\":\"https:\/\/komornik.edu.pl\/\",\"name\":\"Komornik S\u0105dowy Warszawa Mokot\u00f3w - Aneta Jo\u0144czyk\",\"description\":\"Strona internetowa Komornika S\u0105dowego \",\"publisher\":{\"@id\":\"https:\/\/komornik.edu.pl\/#organization\"},\"potentialAction\":[{\"@type\":\"SearchAction\",\"target\":{\"@type\":\"EntryPoint\",\"urlTemplate\":\"https:\/\/komornik.edu.pl\/?s={search_term_string}\"},\"query-input\":{\"@type\":\"PropertyValueSpecification\",\"valueRequired\":true,\"valueName\":\"search_term_string\"}}],\"inLanguage\":\"pl-PL\"},{\"@type\":\"Organization\",\"@id\":\"https:\/\/komornik.edu.pl\/#organization\",\"name\":\"Komornik S\u0105dowy Warszawa Mokot\u00f3w Aneta Jo\u0144czyk\",\"url\":\"https:\/\/komornik.edu.pl\/\",\"logo\":{\"@type\":\"ImageObject\",\"inLanguage\":\"pl-PL\",\"@id\":\"https:\/\/komornik.edu.pl\/#\/schema\/logo\/image\/\",\"url\":\"https:\/\/komornik.edu.pl\/wp-content\/uploads\/2022\/07\/orzel.png\",\"contentUrl\":\"https:\/\/komornik.edu.pl\/wp-content\/uploads\/2022\/07\/orzel.png\",\"width\":744,\"height\":744,\"caption\":\"Komornik S\u0105dowy Warszawa Mokot\u00f3w Aneta Jo\u0144czyk\"},\"image\":{\"@id\":\"https:\/\/komornik.edu.pl\/#\/schema\/logo\/image\/\"}}]}<\/script>\n<!-- \/ Yoast SEO plugin. -->","yoast_head_json":{"title":"O nas - Komornik S\u0105dowy Warszawa Mokot\u00f3w - Aneta Jo\u0144czyk","robots":{"index":"index","follow":"follow","max-snippet":"max-snippet:-1","max-image-preview":"max-image-preview:large","max-video-preview":"max-video-preview:-1"},"canonical":"https:\/\/komornik.edu.pl\/index.php\/o-nas\/","og_locale":"pl_PL","og_type":"article","og_title":"O nas - Komornik S\u0105dowy Warszawa Mokot\u00f3w - Aneta Jo\u0144czyk","og_description":"O nas Komornik Aneta Jo\u0144czyk Ze sprawami egzekucyjnymi mam do czynienia od blisko 20 lat. Prace w Kancelarii komorniczej rozpocz\u0119\u0142am w 2003 r. jako pracownik biurowy, szybko dosta\u0142am si\u0119 na aplikacj\u0119 i kontynuowa\u0142am prac\u0119 w kancelarii ju\u017c jako aplikant komorniczy. Po uko\u0144czeniu aplikacji komorniczej i zdaniu egzaminu komorniczego zosta\u0142am powo\u0142ana na asesora. Po kilku latach [&hellip;]","og_url":"https:\/\/komornik.edu.pl\/index.php\/o-nas\/","og_site_name":"Komornik S\u0105dowy Warszawa Mokot\u00f3w - Aneta Jo\u0144czyk","article_modified_time":"2023-06-07T14:43:04+00:00","twitter_card":"summary_large_image","twitter_misc":{"Szacowany czas czytania":"2 minuty"},"schema":{"@context":"https:\/\/schema.org","@graph":[{"@type":"WebPage","@id":"https:\/\/komornik.edu.pl\/index.php\/o-nas\/","url":"https:\/\/komornik.edu.pl\/index.php\/o-nas\/","name":"O nas - Komornik S\u0105dowy Warszawa Mokot\u00f3w - Aneta Jo\u0144czyk","isPartOf":{"@id":"https:\/\/komornik.edu.pl\/#website"},"datePublished":"2020-10-22T01:09:38+00:00","dateModified":"2023-06-07T14:43:04+00:00","breadcrumb":{"@id":"https:\/\/komornik.edu.pl\/index.php\/o-nas\/#breadcrumb"},"inLanguage":"pl-PL","potentialAction":[{"@type":"ReadAction","target":["https:\/\/komornik.edu.pl\/index.php\/o-nas\/"]}]},{"@type":"BreadcrumbList","@id":"https:\/\/komornik.edu.pl\/index.php\/o-nas\/#breadcrumb","itemListElement":[{"@type":"ListItem","position":1,"name":"Strona g\u0142\u00f3wna","item":"https:\/\/komornik.edu.pl\/"},{"@type":"ListItem","position":2,"name":"O nas"}]},{"@type":"WebSite","@id":"https:\/\/komornik.edu.pl\/#website","url":"https:\/\/komornik.edu.pl\/","name":"Komornik S\u0105dowy Warszawa Mokot\u00f3w - Aneta Jo\u0144czyk","description":"Strona internetowa Komornika S\u0105dowego ","publisher":{"@id":"https:\/\/komornik.edu.pl\/#organization"},"potentialAction":[{"@type":"SearchAction","target":{"@type":"EntryPoint","urlTemplate":"https:\/\/komornik.edu.pl\/?s={search_term_string}"},"query-input":{"@type":"PropertyValueSpecification","valueRequired":true,"valueName":"search_term_string"}}],"inLanguage":"pl-PL"},{"@type":"Organization","@id":"https:\/\/komornik.edu.pl\/#organization","name":"Komornik S\u0105dowy Warszawa Mokot\u00f3w Aneta Jo\u0144czyk","url":"https:\/\/komornik.edu.pl\/","logo":{"@type":"ImageObject","inLanguage":"pl-PL","@id":"https:\/\/komornik.edu.pl\/#\/schema\/logo\/image\/","url":"https:\/\/komornik.edu.pl\/wp-content\/uploads\/2022\/07\/orzel.png","contentUrl":"https:\/\/komornik.edu.pl\/wp-content\/uploads\/2022\/07\/orzel.png","width":744,"height":744,"caption":"Komornik S\u0105dowy Warszawa Mokot\u00f3w Aneta Jo\u0144czyk"},"image":{"@id":"https:\/\/komornik.edu.pl\/#\/schema\/logo\/image\/"}}]}},"_links":{"self":[{"href":"https:\/\/komornik.edu.pl\/index.php\/wp-json\/wp\/v2\/pages\/301","targetHints":{"allow":["GET"]}}],"collection":[{"href":"https:\/\/komornik.edu.pl\/index.php\/wp-json\/wp\/v2\/pages"}],"about":[{"href":"https:\/\/komornik.edu.pl\/index.php\/wp-json\/wp\/v2\/types\/page"}],"author":[{"embeddable":true,"href":"https:\/\/komornik.edu.pl\/index.php\/wp-json\/wp\/v2\/users\/3"}],"replies":[{"embeddable":true,"href":"https:\/\/komornik.edu.pl\/index.php\/wp-json\/wp\/v2\/comments?post=301"}],"version-history":[{"count":43,"href":"https:\/\/komornik.edu.pl\/index.php\/wp-json\/wp\/v2\/pages\/301\/revisions"}],"predecessor-version":[{"id":1336,"href":"https:\/\/komornik.edu.pl\/index.php\/wp-json\/wp\/v2\/pages\/301\/revisions\/1336"}],"wp:attachment":[{"href":"https:\/\/komornik.edu.pl\/index.php\/wp-json\/wp\/v2\/media?parent=301"}],"curies":[{"name":"wp","href":"https:\/\/api.w.org\/{rel}","templated":true}]}}